{"id":5075,"date":"2012-01-12T18:04:15","date_gmt":"2012-01-12T18:04:15","guid":{"rendered":"http:\/\/www.supportinglivestrong.nl\/supportinglivestrong\/?page_id=5075"},"modified":"2015-03-03T14:03:26","modified_gmt":"2015-03-03T14:03:26","slug":"livestrong-nederland-2","status":"publish","type":"page","link":"https:\/\/www.supportinglivestrong.nl\/supportinglivestrong\/livestrong\/livestrong-nederland-2\/","title":{"rendered":"Livestrong in Nederland"},"content":{"rendered":"<p>Onze Nederlandse\u00a0LIVE<strong>STRONG<\/strong>\u00a0stichting heeft een erkende samenwerking met de LIVESTRONG Foundation &#8211; het LIVE<strong>STRONG<\/strong> hoofdkantoor in Austin, Texas (VS) &#8211; die sinds 1997 wereldwijd tegen kanker vecht. Wij doen dit in Nederland, want ook in ons land is kanker doodsoorzaak nummer \u00e9\u00e9n. E\u00e9n op de drie Nederlanders krijgt kanker, de andere twee staan een vriend of familielid bij of verliezen hem of haar.\u00a0Jaarlijks eist kanker bijna 42 duizend levens in Nederland.<\/p>\n<p><strong>Missie<\/strong><br \/>\nDit gevoel van onmacht omzetten in kracht en actie, is waar onze stichting\u00a0voor staat.\u00a0We willen de\u00a0bewustwording voor het kankerprobleem in Nederland verhogen en geld bij elkaar brengen om wetenschappelijk onderzoek en methoden om kanker te behandelen\u00a0te ondersteunen.<\/p>\n<p><strong>Wat doen we?<\/strong><\/p>\n<ul>\n<li>Uit onderzoek is gebleken dat er een aantal risicofactoren zijn voor het krijgen van kanker. Onderzoek heeft ook aangetoond dat veel mensen niet op de hoogte zijn van deze risicofactoren. Daarom vindt de stichting het belangrijk om\u00a0het bewustzijn voor de strijd tegen kanker te vergroten en mensen te informeren wat men kan doen om het\u00a0<span style=\"text-decoration: underline; color: #993300;\"><a href=\"http:\/\/preventie.kwfkankerbestrijding.nl\/risicofactoren-van-kanker\/Pages\/default.aspx\" target=\"_blank\"><span style=\"color: #993300; text-decoration: underline;\">risico op kanker te verlagen<\/span><\/a><\/span>.\u00a0Wij zijn hiervoor aanwezig bij breedtesportevenementen in Nederland, organiseren sportevenementen en geven presentaties op scholen.<\/li>\n<li>Behandelmethoden subsidi\u00ebren. Wij leveren een financi\u00eble bijdrage\u00a0in de ontwikkeling van de behandelmethode\u00a0<span style=\"text-decoration: underline;\"><a href=\"http:\/\/www.hyperthermie.nl\/\" target=\"_blank\"><span style=\"color: #993300; text-decoration: underline;\">hyperthermie<\/span><\/a><\/span>. Klik ook op deze <span style=\"color: #993300;\"><a href=\"http:\/\/www.hyperthermie.nl\/GetPDF.asp?ID=18\" target=\"_blank\"><span style=\"text-decoration: underline; color: #993300;\">link (PDF)<\/span><\/a><\/span> en deze\u00a0<span style=\"color: #993300;\"><a href=\"http:\/\/www.erasmusmc.nl\/perskamer\/archief\/2012\/3622159\/\" target=\"_blank\"><span style=\"text-decoration: underline; color: #993300;\">link voor meer informatie<\/span><\/a><\/span> over hyperthermie. Daarnaast doen wij jaarlijks een donatie (in 2011: \u20ac 2001,73) aan het hoofdkantoor van LIVE<strong>STRONG<\/strong> in de Verenigde Staten. De\u00a0hoogte van deze donatie wordt per jaar vastgesteld en komt ten goede aan <span style=\"text-decoration: underline;\"><a href=\"http:\/\/www.supportinglivestrong.nl\/supportinglivestrong\/?p=4794\" target=\"_blank\"><span style=\"color: #993300; text-decoration: underline;\">internationale projecten<\/span><\/a><\/span>. Wij werven fondsen via (online) doneeracties en samenwerkingsprojecten. E\u00e9n van onze speerpunten is onze samenwerking met\u00a0<span style=\"color: #993300;\"><span style=\"text-decoration: underline;\"><a href=\"http:\/\/www.deltaridefortheroses.nl\/sponsoring\/sponsors.htm\" target=\"_blank\"><span style=\"color: #993300; text-decoration: underline;\">Delta Ride for the Roses in Zeeland<\/span><\/a><\/span><\/span>, waarvan de opbrengst ten goede komt aan het KWF Kankerbestrijding. (Lees meer op de site van <span style=\"text-decoration: underline;\"><a href=\"http:\/\/www.ridefortheroses.nl\/index.php?pageId=2\" target=\"_blank\"><span style=\"color: #993300; text-decoration: underline;\">Ride for the Roses &gt;&gt;<\/span><\/a><\/span>)<\/li>\n<li>Kanker blijvend op de publieke agenda zetten. Dit doen wij zowel door aanwezigheid bij sportevenementen, als op het internet via websites,\u00a0<span style=\"text-decoration: underline;\"><a href=\"http:\/\/www.facebook.com\/livestrongnl\" target=\"_blank\"><span style=\"color: #993300;\">facebook<\/span><\/a><\/span>\u00a0en\u00a0<span style=\"text-decoration: underline;\"><a href=\"http:\/\/twitter.com\/#!\/LIVESTRONG_NL\" target=\"_blank\"><span style=\"color: #993300;\">twitter<\/span><\/a><\/span>.<\/li>\n<li>Vergroten van de naamsbekendheid van <span style=\"color: #993300;\"><a href=\"http:\/\/www.livestrong.org\/\" target=\"_blank\"><span style=\"text-decoration: underline; color: #993300;\">LIVE<strong>STRONG<\/strong><\/span><\/a><\/span>\u00a0in Nederland.<\/li>\n<li>Ondersteunen van partners, teamleden en\u00a0supporters (o.a.\u00a0<span style=\"text-decoration: underline;\"><a href=\"http:\/\/www.supportinglivestrong.nl\/supportinglivestrong\/?p=4266\" target=\"_blank\"><span style=\"color: #993300;\">studenten Haagse Hogeschool<\/span><\/a><\/span>) die zich actief willen inzetten voor onze missie en doelen.<\/li>\n<\/ul>\n<p><span style=\"color: #ffffff;\">.<\/span><br \/>\n<strong>Ontstaan<\/strong><br \/>\nSinds het najaar van 2009, hebben we een erkende samenwerking met de LIVESTRONG Foundation in Austin, Texas en werken we in nauw overleg samen met het hoofdkantoor.\u00a0Ons kernteam\u00a0bestaat uit een 5-tal\u00a0leaders. Elke &#8216;leader&#8217; is projectleider van diverse projecten en doet dit belangeloos en onbezoldigd.<\/p>\n<p>Samen met een aantal <span style=\"text-decoration: underline;\"><a href=\"http:\/\/www.supportinglivestrong.nl\/supportinglivestrong\/?page_id=363\" target=\"_self\"><span style=\"color: #993300; text-decoration: underline;\">partners<\/span><\/a><\/span>,\u00a0<span style=\"color: #800000;\"><a href=\"http:\/\/www.supportinglivestrong.nl\/supportinglivestrong\/ambassadeurs\/\" target=\"_blank\"><span style=\"text-decoration: underline; color: #800000;\"><span style=\"text-decoration: underline;\">ambassadeurs en teamleden<\/span><\/span><\/a><\/span>\u00a0zijn wij een enthousiast, gemotiveerd en professioneel\u00a0team.<br \/>\n<span style=\"color: #ffffff;\">.<\/span><br \/>\n<strong>Stichting<\/strong><br \/>\nTevens zijn wij een transparante stichting, bekend onder de naam\u00a0LIVE<strong>STRONG<\/strong> NL, met een bestuur (<span style=\"text-decoration: underline; color: #993300;\"><a href=\"http:\/\/supportinglivestrong.us2.list-manage2.com\/subscribe?u=7409fee3c53d2139b3c0cb774&amp;id=e05fdaea92\" target=\"_blank\"><span style=\"color: #993300; text-decoration: underline;\">organogram<\/span><\/a>\u00a0op aanvraag<\/span>). Ook onze bestuursleden doen hun werk\u00a0belangeloos en onbezoldigd. We informeren je daarom graag over de veranderingen en verbeteringen die we continue\u00a0binnen de stichting doorvoeren.\u00a0Ook jouw suggesties nemen we ter harte.<\/p>\n<p>Kanker is een ernstige ziekte en met jouw hulp en vertrouwen willen we veel bereiken.<\/p>\n<p>Wil je meer weten over onze stichting, ons bestuur of de\u00a0hoofdlijnen van het beleidsplan\u00a0stuur dan een e-mail via dit <span style=\"text-decoration: underline;\"><a href=\"http:\/\/supportinglivestrong.us2.list-manage2.com\/subscribe?u=7409fee3c53d2139b3c0cb774&amp;id=e05fdaea92\" target=\"_blank\"><span style=\"color: #993300;\">contactformulier &gt;&gt;<\/span><\/a><\/span><\/p>\n<p>&nbsp;<\/p>\n<div><span style=\"color: #ffffff;\">.<\/span><\/div>\n<p><a title=\".\"><img class=\"lazy \" src=\"https:\/\/www.supportinglivestrong.nl\/supportinglivestrong\/wp-content\/plugins\/jquery-image-lazy-loading\/images\/grey.gif\" data-original=\"http:\/\/static.getclicky.com\/media\/links\/badge.gif\" alt=\"Web Statistics\" border=\"0\" \/><noscript><img src=\"http:\/\/static.getclicky.com\/media\/links\/badge.gif\" alt=\"Web Statistics\" border=\"0\" \/><\/noscript><\/a><br \/>\n<script src=\"http:\/\/static.getclicky.com\/js\" type=\"text\/javascript\"><\/script><script type=\"text\/javascript\">\/\/ <![CDATA[\nclicky.init(242152);\n\/\/ ]]><\/script><\/p>\n","protected":false},"excerpt":{"rendered":"<p>Onze Nederlandse\u00a0LIVESTRONG\u00a0stichting heeft een erkende samenwerking met de LIVESTRONG Foundation &#8211; het LIVESTRONG hoofdkantoor in Austin, Texas (VS) &#8211; die sinds 1997 wereldwijd tegen kanker vecht. Wij doen dit in Nederland, want ook in ons land is kanker doodsoorzaak nummer \u00e9\u00e9n. E\u00e9n op de drie Nederlanders krijgt kanker, de andere twee staan een vriend of [&hellip;]<\/p>\n","protected":false},"author":1,"featured_media":0,"parent":3,"menu_order":1,"comment_status":"closed","ping_status":"open","template":"","meta":{"ngg_post_thumbnail":0},"_links":{"self":[{"href":"https:\/\/www.supportinglivestrong.nl\/supportinglivestrong\/wp-json\/wp\/v2\/pages\/5075"}],"collection":[{"href":"https:\/\/www.supportinglivestrong.nl\/supportinglivestrong\/wp-json\/wp\/v2\/pages"}],"about":[{"href":"https:\/\/www.supportinglivestrong.nl\/supportinglivestrong\/wp-json\/wp\/v2\/types\/page"}],"author":[{"embeddable":true,"href":"https:\/\/www.supportinglivestrong.nl\/supportinglivestrong\/wp-json\/wp\/v2\/users\/1"}],"replies":[{"embeddable":true,"href":"https:\/\/www.supportinglivestrong.nl\/supportinglivestrong\/wp-json\/wp\/v2\/comments?post=5075"}],"version-history":[{"count":0,"href":"https:\/\/www.supportinglivestrong.nl\/supportinglivestrong\/wp-json\/wp\/v2\/pages\/5075\/revisions"}],"up":[{"embeddable":true,"href":"https:\/\/www.supportinglivestrong.nl\/supportinglivestrong\/wp-json\/wp\/v2\/pages\/3"}],"wp:attachment":[{"href":"https:\/\/www.supportinglivestrong.nl\/supportinglivestrong\/wp-json\/wp\/v2\/media?parent=5075"}],"curies":[{"name":"wp","href":"https:\/\/api.w.org\/{rel}","templated":true}]}}